{"id":511324,"date":"2008-04-01T00:00:00","date_gmt":"2008-04-01T00:00:00","guid":{"rendered":"https:\/\/www.teachersparadise.com\/co\/p\/twin-sister-productions-teachers-mp3-player-with-102-gross-silly-songs-preloaded-pla1569\/"},"modified":"2020-10-14T04:02:28","modified_gmt":"2020-10-14T04:02:28","slug":"twin-sister-productions-teachers-mp3-player-with-102-gross-silly-songs-preloaded-pla1569","status":"publish","type":"product","link":"https:\/\/www.teachersparadise.com\/co\/p\/twin-sister-productions-teachers-mp3-player-with-102-gross-silly-songs-preloaded-pla1569\/","title":{"rendered":"TWIN SISTER PRODUCTIONS Teacher&#8217;s MP3 Player With 102 Gross &#038; Silly Songs Preloaded PLA1569"},"content":{"rendered":"<p>Kids of all ages will laugh and groan, sing and move with this ultimate collection of gross and silly songs!<br \/>Includes over 2 ? hours of music featuring<br \/>\u00fa Greasy Grimy Gopher Guts<br \/>\u00fa The Cat Came Back<br \/>\u00fa The Bear Went Over the Mountain<br \/>\u00fa One Hundred Bottles of Pop on the Wall<br \/>\u00fa The Ants Came Marching<br \/>&#8230;and 95 more!<br \/>Great fun for camping, bus trips, road trips, rainy days, sleepovers&#8230;anytime kids just want to have fun.<\/p>\n","protected":false},"excerpt":{"rendered":"<p>Kids of all ages will laugh and groan, sing and move with this ultimate collection of gross and silly songs!Includes over 2 ? hours of music featuring\u00fa Greasy Grimy Gopher Guts\u00fa The Cat Came Back\u00fa The Bear Went Over the Mountain\u00fa One Hundred Bottles of Pop on the Wall\u00fa The Ants Came Marching&#8230;and 95 more!Great &#8230; <a title=\"TWIN SISTER PRODUCTIONS Teacher&#8217;s MP3 Player With 102 Gross &#038; Silly Songs Preloaded PLA1569\" class=\"read-more\" href=\"https:\/\/www.teachersparadise.com\/co\/p\/twin-sister-productions-teachers-mp3-player-with-102-gross-silly-songs-preloaded-pla1569\/\" aria-label=\"Read more about TWIN SISTER PRODUCTIONS Teacher&#8217;s MP3 Player With 102 Gross &#038; Silly Songs Preloaded PLA1569\">Read more<\/a><\/p>\n","protected":false},"featured_media":443881,"template":"","meta":{"_acf_changed":false,"_seopress_robots_primary_cat":"","_seopress_titles_title":"","_seopress_titles_desc":"","_seopress_robots_index":""},"product_brand":[],"product_cat":[15],"product_tag":[],"class_list":{"0":"post-511324","1":"product","2":"type-product","3":"status-publish","4":"has-post-thumbnail","6":"product_cat-uncategorized","7":"resize-featured-image","8":"sales-flash-overlay","9":"woocommerce-text-align-center","10":"woocommerce-image-align-center","11":"do-quantity-buttons","13":"first","14":"outofstock","15":"sold-individually","16":"purchasable","17":"product-type-simple"},"acf":[],"_links":{"self":[{"href":"https:\/\/www.teachersparadise.com\/co\/wp-json\/wp\/v2\/product\/511324","targetHints":{"allow":["GET"]}}],"collection":[{"href":"https:\/\/www.teachersparadise.com\/co\/wp-json\/wp\/v2\/product"}],"about":[{"href":"https:\/\/www.teachersparadise.com\/co\/wp-json\/wp\/v2\/types\/product"}],"wp:featuredmedia":[{"embeddable":true,"href":"https:\/\/www.teachersparadise.com\/co\/wp-json\/wp\/v2\/media\/443881"}],"wp:attachment":[{"href":"https:\/\/www.teachersparadise.com\/co\/wp-json\/wp\/v2\/media?parent=511324"}],"wp:term":[{"taxonomy":"product_brand","embeddable":true,"href":"https:\/\/www.teachersparadise.com\/co\/wp-json\/wp\/v2\/product_brand?post=511324"},{"taxonomy":"product_cat","embeddable":true,"href":"https:\/\/www.teachersparadise.com\/co\/wp-json\/wp\/v2\/product_cat?post=511324"},{"taxonomy":"product_tag","embeddable":true,"href":"https:\/\/www.teachersparadise.com\/co\/wp-json\/wp\/v2\/product_tag?post=511324"}],"curies":[{"name":"wp","href":"https:\/\/api.w.org\/{rel}","templated":true}]}}