{"id":509977,"date":"2008-03-01T00:00:00","date_gmt":"2008-03-01T00:00:00","guid":{"rendered":"https:\/\/www.teachersparadise.com\/co\/p\/teachers-friend-publications-bible-character-masks-with-read-aloud-story-joseph-and-the-coat-of-many-colors-tf-7351\/"},"modified":"2021-06-05T01:26:03","modified_gmt":"2021-06-05T01:26:03","slug":"teachers-friend-publications-bible-character-masks-with-read-aloud-story-joseph-and-the-coat-of-many-colors-tf-7351","status":"publish","type":"product","link":"https:\/\/www.teachersparadise.com\/co\/p\/teachers-friend-publications-bible-character-masks-with-read-aloud-story-joseph-and-the-coat-of-many-colors-tf-7351\/","title":{"rendered":"TEACHER&#8217;S FRIEND PUBLICATIONS Bible Character Masks with Read-Aloud Story: Joseph and the Coat of Many Colors TF-7351"},"content":{"rendered":"<p>4 masks (1 of each character) plus teaching guide\u00ff\u00ff\u00ffeach mask is 8-1\/2&#8243; x 11&#8243;, die cut, with a popsicle-stick handle<\/p>\n","protected":false},"excerpt":{"rendered":"<p>4 masks (1 of each character) plus teaching guide\u00ff\u00ff\u00ffeach mask is 8-1\/2&#8243; x 11&#8243;, die cut, with a popsicle-stick handle<\/p>\n","protected":false},"featured_media":395296,"template":"","meta":{"_acf_changed":false,"_seopress_robots_primary_cat":"","_seopress_titles_title":"","_seopress_titles_desc":"","_seopress_robots_index":"","_seopress_analysis_target_kw":""},"product_brand":[],"product_cat":[15],"product_tag":[],"class_list":{"0":"post-509977","1":"product","2":"type-product","3":"status-publish","4":"has-post-thumbnail","6":"product_cat-uncategorized","7":"resize-featured-image","8":"sales-flash-overlay","9":"woocommerce-text-align-center","10":"woocommerce-image-align-center","11":"do-quantity-buttons","13":"first","14":"outofstock","15":"sold-individually","16":"purchasable","17":"product-type-simple"},"acf":[],"_links":{"self":[{"href":"https:\/\/www.teachersparadise.com\/co\/wp-json\/wp\/v2\/product\/509977","targetHints":{"allow":["GET"]}}],"collection":[{"href":"https:\/\/www.teachersparadise.com\/co\/wp-json\/wp\/v2\/product"}],"about":[{"href":"https:\/\/www.teachersparadise.com\/co\/wp-json\/wp\/v2\/types\/product"}],"wp:featuredmedia":[{"embeddable":true,"href":"https:\/\/www.teachersparadise.com\/co\/wp-json\/wp\/v2\/media\/395296"}],"wp:attachment":[{"href":"https:\/\/www.teachersparadise.com\/co\/wp-json\/wp\/v2\/media?parent=509977"}],"wp:term":[{"taxonomy":"product_brand","embeddable":true,"href":"https:\/\/www.teachersparadise.com\/co\/wp-json\/wp\/v2\/product_brand?post=509977"},{"taxonomy":"product_cat","embeddable":true,"href":"https:\/\/www.teachersparadise.com\/co\/wp-json\/wp\/v2\/product_cat?post=509977"},{"taxonomy":"product_tag","embeddable":true,"href":"https:\/\/www.teachersparadise.com\/co\/wp-json\/wp\/v2\/product_tag?post=509977"}],"curies":[{"name":"wp","href":"https:\/\/api.w.org\/{rel}","templated":true}]}}