{"id":509955,"date":"2008-03-01T00:00:00","date_gmt":"2008-03-01T00:00:00","guid":{"rendered":"https:\/\/www.teachersparadise.com\/co\/p\/teachers-friend-publications-hands-on-learning-life-cycles-mats-tf-7118\/"},"modified":"2021-06-05T01:25:39","modified_gmt":"2021-06-05T01:25:39","slug":"teachers-friend-publications-hands-on-learning-life-cycles-mats-tf-7118","status":"publish","type":"product","link":"https:\/\/www.teachersparadise.com\/co\/p\/teachers-friend-publications-hands-on-learning-life-cycles-mats-tf-7118\/","title":{"rendered":"TEACHER&#8217;S FRIEND PUBLICATIONS Hands-On Learning: Life Cycles Mats TF-7118"},"content":{"rendered":"<p>10 two-sided, write-on\/wipe-off mats (10&#8243;x7-1\/2&#8243;), 60 easy-grip bees, 1 wipe-off crayon pack, Activity Guide\u00ff\u00ff\u00ffMats: 10&#8243; x 7.5&#8243; Box: 8.5&#8243; x 11&#8243; x 2.25&#8243;<\/p>\n","protected":false},"excerpt":{"rendered":"<p>10 two-sided, write-on\/wipe-off mats (10&#8243;x7-1\/2&#8243;), 60 easy-grip bees, 1 wipe-off crayon pack, Activity Guide\u00ff\u00ff\u00ffMats: 10&#8243; x 7.5&#8243; Box: 8.5&#8243; x 11&#8243; x 2.25&#8243;<\/p>\n","protected":false},"featured_media":414373,"template":"","meta":{"_acf_changed":false,"_seopress_robots_primary_cat":"","_seopress_titles_title":"","_seopress_titles_desc":"","_seopress_robots_index":""},"product_brand":[],"product_cat":[15],"product_tag":[],"class_list":{"0":"post-509955","1":"product","2":"type-product","3":"status-publish","4":"has-post-thumbnail","6":"product_cat-uncategorized","7":"resize-featured-image","8":"sales-flash-overlay","9":"woocommerce-text-align-center","10":"woocommerce-image-align-center","11":"do-quantity-buttons","13":"first","14":"outofstock","15":"sold-individually","16":"purchasable","17":"product-type-simple"},"acf":[],"_links":{"self":[{"href":"https:\/\/www.teachersparadise.com\/co\/wp-json\/wp\/v2\/product\/509955","targetHints":{"allow":["GET"]}}],"collection":[{"href":"https:\/\/www.teachersparadise.com\/co\/wp-json\/wp\/v2\/product"}],"about":[{"href":"https:\/\/www.teachersparadise.com\/co\/wp-json\/wp\/v2\/types\/product"}],"wp:featuredmedia":[{"embeddable":true,"href":"https:\/\/www.teachersparadise.com\/co\/wp-json\/wp\/v2\/media\/414373"}],"wp:attachment":[{"href":"https:\/\/www.teachersparadise.com\/co\/wp-json\/wp\/v2\/media?parent=509955"}],"wp:term":[{"taxonomy":"product_brand","embeddable":true,"href":"https:\/\/www.teachersparadise.com\/co\/wp-json\/wp\/v2\/product_brand?post=509955"},{"taxonomy":"product_cat","embeddable":true,"href":"https:\/\/www.teachersparadise.com\/co\/wp-json\/wp\/v2\/product_cat?post=509955"},{"taxonomy":"product_tag","embeddable":true,"href":"https:\/\/www.teachersparadise.com\/co\/wp-json\/wp\/v2\/product_tag?post=509955"}],"curies":[{"name":"wp","href":"https:\/\/api.w.org\/{rel}","templated":true}]}}