{"id":507233,"date":"2008-03-01T00:00:00","date_gmt":"2008-03-01T00:00:00","guid":{"rendered":"https:\/\/www.teachersparadise.com\/co\/p\/leapfrog-clickstart-sw-toy-story-search-rescue-lfc22652\/"},"modified":"2021-08-05T12:19:48","modified_gmt":"2021-08-05T16:19:48","slug":"leapfrog-clickstart-sw-toy-story-search-rescue-lfc22652","status":"publish","type":"product","link":"https:\/\/www.teachersparadise.com\/co\/p\/leapfrog-clickstart-sw-toy-story-search-rescue-lfc22652\/","title":{"rendered":"LEAPFROG Clickstart Sw Toy Story Search &#038; Rescue LFC22652"},"content":{"rendered":"<p>Boost your child&#8217;s command of screen navigation while building math skills.\u00ff \u00ffPlay as Woody, Jessie or Buzz to restore the aliens to their rightful home in three supercharged adventures that\u00ffintroduce computer and math basics.<\/p>\n","protected":false},"excerpt":{"rendered":"<p>Boost your child&#8217;s command of screen navigation while building math skills.\u00ff \u00ffPlay as Woody, Jessie or Buzz to restore the aliens to their rightful home in three supercharged adventures that\u00ffintroduce computer and math basics.<\/p>\n","protected":false},"featured_media":401756,"template":"","meta":{"_acf_changed":false,"_seopress_robots_primary_cat":"","_seopress_titles_title":"","_seopress_titles_desc":"","_seopress_robots_index":""},"product_brand":[],"product_cat":[15],"product_tag":[],"class_list":{"0":"post-507233","1":"product","2":"type-product","3":"status-publish","4":"has-post-thumbnail","6":"product_cat-uncategorized","7":"resize-featured-image","8":"sales-flash-overlay","9":"woocommerce-text-align-center","10":"woocommerce-image-align-center","11":"do-quantity-buttons","13":"first","14":"outofstock","15":"sold-individually","16":"purchasable","17":"product-type-simple"},"acf":[],"_links":{"self":[{"href":"https:\/\/www.teachersparadise.com\/co\/wp-json\/wp\/v2\/product\/507233","targetHints":{"allow":["GET"]}}],"collection":[{"href":"https:\/\/www.teachersparadise.com\/co\/wp-json\/wp\/v2\/product"}],"about":[{"href":"https:\/\/www.teachersparadise.com\/co\/wp-json\/wp\/v2\/types\/product"}],"wp:featuredmedia":[{"embeddable":true,"href":"https:\/\/www.teachersparadise.com\/co\/wp-json\/wp\/v2\/media\/401756"}],"wp:attachment":[{"href":"https:\/\/www.teachersparadise.com\/co\/wp-json\/wp\/v2\/media?parent=507233"}],"wp:term":[{"taxonomy":"product_brand","embeddable":true,"href":"https:\/\/www.teachersparadise.com\/co\/wp-json\/wp\/v2\/product_brand?post=507233"},{"taxonomy":"product_cat","embeddable":true,"href":"https:\/\/www.teachersparadise.com\/co\/wp-json\/wp\/v2\/product_cat?post=507233"},{"taxonomy":"product_tag","embeddable":true,"href":"https:\/\/www.teachersparadise.com\/co\/wp-json\/wp\/v2\/product_tag?post=507233"}],"curies":[{"name":"wp","href":"https:\/\/api.w.org\/{rel}","templated":true}]}}