{"id":507065,"date":"2008-03-01T00:00:00","date_gmt":"2008-03-01T00:00:00","guid":{"rendered":"https:\/\/www.teachersparadise.com\/co\/p\/learning-resources-overhead-demonstration-thermometer-ler4294\/"},"modified":"2021-06-05T17:51:57","modified_gmt":"2021-06-05T17:51:57","slug":"learning-resources-overhead-demonstration-thermometer-ler4294","status":"publish","type":"product","link":"https:\/\/www.teachersparadise.com\/co\/p\/learning-resources-overhead-demonstration-thermometer-ler4294\/","title":{"rendered":"LEARNING RESOURCES Overhead Demonstration Thermometer LER4294"},"content":{"rendered":"<p>Introduce your students to the fun of reading the temperature with this dual-scale 10&#8243; overhead transparent model. Adjustable red bar indicates temperatures ranging from -40\u00f8 to 100\u00f8C and -40\u00f8F to 210\u00f8F.<\/p>\n","protected":false},"excerpt":{"rendered":"<p>Introduce your students to the fun of reading the temperature with this dual-scale 10&#8243; overhead transparent model. Adjustable red bar indicates temperatures ranging from -40\u00f8 to 100\u00f8C and -40\u00f8F to 210\u00f8F.<\/p>\n","protected":false},"featured_media":427718,"template":"","meta":{"_acf_changed":false,"_seopress_robots_primary_cat":"","_seopress_titles_title":"","_seopress_titles_desc":"","_seopress_robots_index":""},"product_brand":[],"product_cat":[15],"product_tag":[],"class_list":{"0":"post-507065","1":"product","2":"type-product","3":"status-publish","4":"has-post-thumbnail","6":"product_cat-uncategorized","7":"resize-featured-image","8":"sales-flash-overlay","9":"woocommerce-text-align-center","10":"woocommerce-image-align-center","11":"do-quantity-buttons","13":"first","14":"outofstock","15":"sold-individually","16":"purchasable","17":"product-type-simple"},"acf":[],"_links":{"self":[{"href":"https:\/\/www.teachersparadise.com\/co\/wp-json\/wp\/v2\/product\/507065","targetHints":{"allow":["GET"]}}],"collection":[{"href":"https:\/\/www.teachersparadise.com\/co\/wp-json\/wp\/v2\/product"}],"about":[{"href":"https:\/\/www.teachersparadise.com\/co\/wp-json\/wp\/v2\/types\/product"}],"wp:featuredmedia":[{"embeddable":true,"href":"https:\/\/www.teachersparadise.com\/co\/wp-json\/wp\/v2\/media\/427718"}],"wp:attachment":[{"href":"https:\/\/www.teachersparadise.com\/co\/wp-json\/wp\/v2\/media?parent=507065"}],"wp:term":[{"taxonomy":"product_brand","embeddable":true,"href":"https:\/\/www.teachersparadise.com\/co\/wp-json\/wp\/v2\/product_brand?post=507065"},{"taxonomy":"product_cat","embeddable":true,"href":"https:\/\/www.teachersparadise.com\/co\/wp-json\/wp\/v2\/product_cat?post=507065"},{"taxonomy":"product_tag","embeddable":true,"href":"https:\/\/www.teachersparadise.com\/co\/wp-json\/wp\/v2\/product_tag?post=507065"}],"curies":[{"name":"wp","href":"https:\/\/api.w.org\/{rel}","templated":true}]}}