{"id":506388,"date":"2008-01-01T00:00:00","date_gmt":"2008-01-01T00:00:00","guid":{"rendered":"https:\/\/www.teachersparadise.com\/co\/p\/guerra-publishing-la-puntuacion-en-el-espanol-gu-0018\/"},"modified":"2021-08-07T15:49:25","modified_gmt":"2021-08-07T19:49:25","slug":"guerra-publishing-la-puntuacion-en-el-espanol-gu-0018","status":"publish","type":"product","link":"https:\/\/www.teachersparadise.com\/co\/p\/guerra-publishing-la-puntuacion-en-el-espanol-gu-0018\/","title":{"rendered":"GUERRA PUBLISHING La Puntuacion en el Espa\u00f1ol GU-0018"},"content":{"rendered":"<p>Use this concise, reproducible book to guide your students as they learn the basic punctuation rules in the Spanish language and the most obvious differences from the English language. \u00ffExamples and practice exercises follow each rule.\u00ff An answer key is included, plus Pocketchart activities and samples of enlarged punctuation marks.\u00ff This book is appropriate for grades 2-12.<\/p>\n","protected":false},"excerpt":{"rendered":"<p>Use this concise, reproducible book to guide your students as they learn the basic punctuation rules in the Spanish language and the most obvious differences from the English language. \u00ffExamples and practice exercises follow each rule.\u00ff An answer key is included, plus Pocketchart activities and samples of enlarged punctuation marks.\u00ff This book is appropriate for &#8230; <a title=\"GUERRA PUBLISHING La Puntuacion en el Espa\u00f1ol GU-0018\" class=\"read-more\" href=\"https:\/\/www.teachersparadise.com\/co\/p\/guerra-publishing-la-puntuacion-en-el-espanol-gu-0018\/\" aria-label=\"Read more about GUERRA PUBLISHING La Puntuacion en el Espa\u00f1ol GU-0018\">Read more<\/a><\/p>\n","protected":false},"featured_media":418990,"template":"","meta":{"_acf_changed":false,"_seopress_robots_primary_cat":"","_seopress_titles_title":"","_seopress_titles_desc":"","_seopress_robots_index":"","_seopress_analysis_target_kw":""},"product_brand":[],"product_cat":[15],"product_tag":[],"class_list":{"0":"post-506388","1":"product","2":"type-product","3":"status-publish","4":"has-post-thumbnail","6":"product_cat-uncategorized","7":"resize-featured-image","8":"sales-flash-overlay","9":"woocommerce-text-align-center","10":"woocommerce-image-align-center","11":"do-quantity-buttons","13":"first","14":"outofstock","15":"sold-individually","16":"purchasable","17":"product-type-simple"},"acf":[],"_links":{"self":[{"href":"https:\/\/www.teachersparadise.com\/co\/wp-json\/wp\/v2\/product\/506388","targetHints":{"allow":["GET"]}}],"collection":[{"href":"https:\/\/www.teachersparadise.com\/co\/wp-json\/wp\/v2\/product"}],"about":[{"href":"https:\/\/www.teachersparadise.com\/co\/wp-json\/wp\/v2\/types\/product"}],"wp:featuredmedia":[{"embeddable":true,"href":"https:\/\/www.teachersparadise.com\/co\/wp-json\/wp\/v2\/media\/418990"}],"wp:attachment":[{"href":"https:\/\/www.teachersparadise.com\/co\/wp-json\/wp\/v2\/media?parent=506388"}],"wp:term":[{"taxonomy":"product_brand","embeddable":true,"href":"https:\/\/www.teachersparadise.com\/co\/wp-json\/wp\/v2\/product_brand?post=506388"},{"taxonomy":"product_cat","embeddable":true,"href":"https:\/\/www.teachersparadise.com\/co\/wp-json\/wp\/v2\/product_cat?post=506388"},{"taxonomy":"product_tag","embeddable":true,"href":"https:\/\/www.teachersparadise.com\/co\/wp-json\/wp\/v2\/product_tag?post=506388"}],"curies":[{"name":"wp","href":"https:\/\/api.w.org\/{rel}","templated":true}]}}