{"id":506011,"date":"2008-01-01T00:00:00","date_gmt":"2008-01-01T00:00:00","guid":{"rendered":"https:\/\/www.teachersparadise.com\/co\/p\/find-it-games-find-it-games-deluxe-edition-fig1003\/"},"modified":"2021-08-07T15:37:46","modified_gmt":"2021-08-07T19:37:46","slug":"find-it-games-find-it-games-deluxe-edition-fig1003","status":"publish","type":"product","link":"https:\/\/www.teachersparadise.com\/co\/p\/find-it-games-find-it-games-deluxe-edition-fig1003\/","title":{"rendered":"FIND IT GAMES Find It Games Deluxe Edition FIG1003"},"content":{"rendered":"<p>Now the whole family can play a fast paced game with a Deluxe Find It Game containing over 70 hidden items.\u00ff The game includes a card deck of cards, spinner, a timer, check of pad, and instructions for 6 ways to play and variations to adapt for younger players.\u00ff Basic play: Each player is dealt seven cards that vary in point value. At the beginning of each turn spin the timer to determine the action required prior to play (add points, miss a turn, trade hands etc.)\u00ff Look fast!\u00ff You will have 30 seconds to try to find a many items as possible.\u00ff Play continues until someone finds all of their items and runs out of cards.\u00ff Find It Deluxe Edition is the perfect party or family game.\u00ff For two or more players, age 8 through adult.<\/p>\n","protected":false},"excerpt":{"rendered":"<p>Now the whole family can play a fast paced game with a Deluxe Find It Game containing over 70 hidden items.\u00ff The game includes a card deck of cards, spinner, a timer, check of pad, and instructions for 6 ways to play and variations to adapt for younger players.\u00ff Basic play: Each player is dealt &#8230; <a title=\"FIND IT GAMES Find It Games Deluxe Edition FIG1003\" class=\"read-more\" href=\"https:\/\/www.teachersparadise.com\/co\/p\/find-it-games-find-it-games-deluxe-edition-fig1003\/\" aria-label=\"Read more about FIND IT GAMES Find It Games Deluxe Edition FIG1003\">Read more<\/a><\/p>\n","protected":false},"featured_media":409566,"template":"","meta":{"_acf_changed":false,"_seopress_robots_primary_cat":"","_seopress_titles_title":"","_seopress_titles_desc":"","_seopress_robots_index":""},"product_brand":[],"product_cat":[15],"product_tag":[],"class_list":{"0":"post-506011","1":"product","2":"type-product","3":"status-publish","4":"has-post-thumbnail","6":"product_cat-uncategorized","7":"resize-featured-image","8":"sales-flash-overlay","9":"woocommerce-text-align-center","10":"woocommerce-image-align-center","11":"do-quantity-buttons","13":"first","14":"outofstock","15":"sold-individually","16":"purchasable","17":"product-type-simple"},"acf":[],"_links":{"self":[{"href":"https:\/\/www.teachersparadise.com\/co\/wp-json\/wp\/v2\/product\/506011","targetHints":{"allow":["GET"]}}],"collection":[{"href":"https:\/\/www.teachersparadise.com\/co\/wp-json\/wp\/v2\/product"}],"about":[{"href":"https:\/\/www.teachersparadise.com\/co\/wp-json\/wp\/v2\/types\/product"}],"wp:featuredmedia":[{"embeddable":true,"href":"https:\/\/www.teachersparadise.com\/co\/wp-json\/wp\/v2\/media\/409566"}],"wp:attachment":[{"href":"https:\/\/www.teachersparadise.com\/co\/wp-json\/wp\/v2\/media?parent=506011"}],"wp:term":[{"taxonomy":"product_brand","embeddable":true,"href":"https:\/\/www.teachersparadise.com\/co\/wp-json\/wp\/v2\/product_brand?post=506011"},{"taxonomy":"product_cat","embeddable":true,"href":"https:\/\/www.teachersparadise.com\/co\/wp-json\/wp\/v2\/product_cat?post=506011"},{"taxonomy":"product_tag","embeddable":true,"href":"https:\/\/www.teachersparadise.com\/co\/wp-json\/wp\/v2\/product_tag?post=506011"}],"curies":[{"name":"wp","href":"https:\/\/api.w.org\/{rel}","templated":true}]}}