{"id":504374,"date":"2008-01-01T00:00:00","date_gmt":"2008-01-01T00:00:00","guid":{"rendered":"https:\/\/www.teachersparadise.com\/co\/p\/bananagrams-bananagrams-ban100\/"},"modified":"2021-08-06T11:51:56","modified_gmt":"2021-08-06T15:51:56","slug":"bananagrams-bananagrams-ban100","status":"publish","type":"product","link":"https:\/\/www.teachersparadise.com\/co\/p\/bananagrams-bananagrams-ban100\/","title":{"rendered":"BANANAGRAMS Bananagrams BAN100"},"content":{"rendered":"<p>Bananagrams is a FAST and FUN word game that requires NO pencil, paper or board.\u00ff All you need is a table.\u00ff One hand can be played in as little as 5 minutes.\u00ff Great family fun as well as being educational!\u00ff Bananagrams portability makes it perfect for travel.\u00ff Just grab the pouch and go!<\/p>\n","protected":false},"excerpt":{"rendered":"<p>Bananagrams is a FAST and FUN word game that requires NO pencil, paper or board.\u00ff All you need is a table.\u00ff One hand can be played in as little as 5 minutes.\u00ff Great family fun as well as being educational!\u00ff Bananagrams portability makes it perfect for travel.\u00ff Just grab the pouch and go!<\/p>\n","protected":false},"featured_media":394365,"template":"","meta":{"_acf_changed":false,"_seopress_robots_primary_cat":"","_seopress_titles_title":"","_seopress_titles_desc":"","_seopress_robots_index":""},"product_brand":[],"product_cat":[15],"product_tag":[],"class_list":{"0":"post-504374","1":"product","2":"type-product","3":"status-publish","4":"has-post-thumbnail","6":"product_cat-uncategorized","7":"resize-featured-image","8":"sales-flash-overlay","9":"woocommerce-text-align-center","10":"woocommerce-image-align-center","11":"do-quantity-buttons","13":"first","14":"outofstock","15":"sold-individually","16":"purchasable","17":"product-type-simple"},"acf":[],"_links":{"self":[{"href":"https:\/\/www.teachersparadise.com\/co\/wp-json\/wp\/v2\/product\/504374","targetHints":{"allow":["GET"]}}],"collection":[{"href":"https:\/\/www.teachersparadise.com\/co\/wp-json\/wp\/v2\/product"}],"about":[{"href":"https:\/\/www.teachersparadise.com\/co\/wp-json\/wp\/v2\/types\/product"}],"wp:featuredmedia":[{"embeddable":true,"href":"https:\/\/www.teachersparadise.com\/co\/wp-json\/wp\/v2\/media\/394365"}],"wp:attachment":[{"href":"https:\/\/www.teachersparadise.com\/co\/wp-json\/wp\/v2\/media?parent=504374"}],"wp:term":[{"taxonomy":"product_brand","embeddable":true,"href":"https:\/\/www.teachersparadise.com\/co\/wp-json\/wp\/v2\/product_brand?post=504374"},{"taxonomy":"product_cat","embeddable":true,"href":"https:\/\/www.teachersparadise.com\/co\/wp-json\/wp\/v2\/product_cat?post=504374"},{"taxonomy":"product_tag","embeddable":true,"href":"https:\/\/www.teachersparadise.com\/co\/wp-json\/wp\/v2\/product_tag?post=504374"}],"curies":[{"name":"wp","href":"https:\/\/api.w.org\/{rel}","templated":true}]}}