{"id":501773,"date":"2009-01-01T00:00:00","date_gmt":"2009-01-01T00:00:00","guid":{"rendered":"https:\/\/www.teachersparadise.com\/co\/p\/teachers-friend-publications-bulletin-board-holiday-word-banks-tf-043982415x\/"},"modified":"2021-06-05T01:23:15","modified_gmt":"2021-06-05T01:23:15","slug":"teachers-friend-publications-bulletin-board-holiday-word-banks-tf-043982415x","status":"publish","type":"product","link":"https:\/\/www.teachersparadise.com\/co\/p\/teachers-friend-publications-bulletin-board-holiday-word-banks-tf-043982415x\/","title":{"rendered":"TEACHER&#8217;S FRIEND PUBLICATIONS Bulletin Board: Holiday Word Banks TF-043982415X"},"content":{"rendered":"<p>Plastic-Coated for Color-Fastness &#038; Durability!<br \/>Great for building vocabulary. Includes 26 BIG (11-1\/2&#8243;x17-1\/2&#8243;) holiday characters filled with holiday words on each character shape.<\/p>\n<p>26 pieces 24Plastic-Coated for Color-Fastness &#038; Durability!<br \/>Great for building vocabulary. Includes 26 BIG (11-1\/2&#8243;x17-1\/2&#8243;) holiday characters filled with holiday words on each character shape.<\/p>\n<p>26 pieces 24\u00fd long with 9\u00fd header, 18\u00fd wide<\/p>\n","protected":false},"excerpt":{"rendered":"<p>Plastic-Coated for Color-Fastness &#038; Durability!Great for building vocabulary. Includes 26 BIG (11-1\/2&#8243;x17-1\/2&#8243;) holiday characters filled with holiday words on each character shape. 26 pieces 24Plastic-Coated for Color-Fastness &#038; Durability!Great for building vocabulary. Includes 26 BIG (11-1\/2&#8243;x17-1\/2&#8243;) holiday characters filled with holiday words on each character shape. 26 pieces 24\u00fd long with 9\u00fd header, 18\u00fd wide<\/p>\n","protected":false},"featured_media":397966,"template":"","meta":{"_acf_changed":false,"_seopress_robots_primary_cat":"","_seopress_titles_title":"","_seopress_titles_desc":"","_seopress_robots_index":"","_seopress_analysis_target_kw":""},"product_brand":[],"product_cat":[15],"product_tag":[],"class_list":{"0":"post-501773","1":"product","2":"type-product","3":"status-publish","4":"has-post-thumbnail","6":"product_cat-uncategorized","7":"resize-featured-image","8":"sales-flash-overlay","9":"woocommerce-text-align-center","10":"woocommerce-image-align-center","11":"do-quantity-buttons","13":"first","14":"outofstock","15":"sold-individually","16":"purchasable","17":"product-type-simple"},"acf":[],"_links":{"self":[{"href":"https:\/\/www.teachersparadise.com\/co\/wp-json\/wp\/v2\/product\/501773","targetHints":{"allow":["GET"]}}],"collection":[{"href":"https:\/\/www.teachersparadise.com\/co\/wp-json\/wp\/v2\/product"}],"about":[{"href":"https:\/\/www.teachersparadise.com\/co\/wp-json\/wp\/v2\/types\/product"}],"wp:featuredmedia":[{"embeddable":true,"href":"https:\/\/www.teachersparadise.com\/co\/wp-json\/wp\/v2\/media\/397966"}],"wp:attachment":[{"href":"https:\/\/www.teachersparadise.com\/co\/wp-json\/wp\/v2\/media?parent=501773"}],"wp:term":[{"taxonomy":"product_brand","embeddable":true,"href":"https:\/\/www.teachersparadise.com\/co\/wp-json\/wp\/v2\/product_brand?post=501773"},{"taxonomy":"product_cat","embeddable":true,"href":"https:\/\/www.teachersparadise.com\/co\/wp-json\/wp\/v2\/product_cat?post=501773"},{"taxonomy":"product_tag","embeddable":true,"href":"https:\/\/www.teachersparadise.com\/co\/wp-json\/wp\/v2\/product_tag?post=501773"}],"curies":[{"name":"wp","href":"https:\/\/api.w.org\/{rel}","templated":true}]}}