{"id":495804,"date":"2009-01-01T00:00:00","date_gmt":"2009-01-01T00:00:00","guid":{"rendered":"https:\/\/www.teachersparadise.com\/co\/p\/teachers-friend-publications-accent-punch-outs-treasure-gems-tf-3329\/"},"modified":"2021-06-05T01:21:50","modified_gmt":"2021-06-05T01:21:50","slug":"teachers-friend-publications-accent-punch-outs-treasure-gems-tf-3329","status":"publish","type":"product","link":"https:\/\/www.teachersparadise.com\/co\/p\/teachers-friend-publications-accent-punch-outs-treasure-gems-tf-3329\/","title":{"rendered":"TEACHER&#8217;S FRIEND PUBLICATIONS Accent Punch-Outs: Treasure Gems TF-3329"},"content":{"rendered":"<p>Perfect accent for any bulletin board! Can also be used as name tags, notes, rewards and much more! Coordinates with many of our Charts, Banners, Borders with Corners, Name Plates, and Bulletin Boards! Plastic-coated for durability and color-fastness! (Dealers: Accent Punch-Outs hang on your bulletin board racks. Hang two sets side by side and take half the space as other accent sets!).<\/p>\n<p> in packaging: 24\u00fd long with 9\u00fd header, 9\u00fd wide<\/p>\n","protected":false},"excerpt":{"rendered":"<p>Perfect accent for any bulletin board! Can also be used as name tags, notes, rewards and much more! Coordinates with many of our Charts, Banners, Borders with Corners, Name Plates, and Bulletin Boards! Plastic-coated for durability and color-fastness! (Dealers: Accent Punch-Outs hang on your bulletin board racks. Hang two sets side by side and take &#8230; <a title=\"TEACHER&#8217;S FRIEND PUBLICATIONS Accent Punch-Outs: Treasure Gems TF-3329\" class=\"read-more\" href=\"https:\/\/www.teachersparadise.com\/co\/p\/teachers-friend-publications-accent-punch-outs-treasure-gems-tf-3329\/\" aria-label=\"Read more about TEACHER&#8217;S FRIEND PUBLICATIONS Accent Punch-Outs: Treasure Gems TF-3329\">Read more<\/a><\/p>\n","protected":false},"featured_media":0,"template":"","meta":{"_acf_changed":false,"_seopress_robots_primary_cat":"","_seopress_titles_title":"","_seopress_titles_desc":"","_seopress_robots_index":""},"product_brand":[],"product_cat":[15],"product_tag":[],"class_list":{"0":"post-495804","1":"product","2":"type-product","3":"status-publish","5":"product_cat-uncategorized","6":"sales-flash-overlay","7":"woocommerce-text-align-center","8":"woocommerce-image-align-center","9":"do-quantity-buttons","11":"first","12":"outofstock","13":"sold-individually","14":"purchasable","15":"product-type-simple"},"acf":[],"_links":{"self":[{"href":"https:\/\/www.teachersparadise.com\/co\/wp-json\/wp\/v2\/product\/495804","targetHints":{"allow":["GET"]}}],"collection":[{"href":"https:\/\/www.teachersparadise.com\/co\/wp-json\/wp\/v2\/product"}],"about":[{"href":"https:\/\/www.teachersparadise.com\/co\/wp-json\/wp\/v2\/types\/product"}],"wp:attachment":[{"href":"https:\/\/www.teachersparadise.com\/co\/wp-json\/wp\/v2\/media?parent=495804"}],"wp:term":[{"taxonomy":"product_brand","embeddable":true,"href":"https:\/\/www.teachersparadise.com\/co\/wp-json\/wp\/v2\/product_brand?post=495804"},{"taxonomy":"product_cat","embeddable":true,"href":"https:\/\/www.teachersparadise.com\/co\/wp-json\/wp\/v2\/product_cat?post=495804"},{"taxonomy":"product_tag","embeddable":true,"href":"https:\/\/www.teachersparadise.com\/co\/wp-json\/wp\/v2\/product_tag?post=495804"}],"curies":[{"name":"wp","href":"https:\/\/api.w.org\/{rel}","templated":true}]}}