{"id":488333,"date":"2009-07-01T00:00:00","date_gmt":"2009-07-01T00:00:00","guid":{"rendered":"https:\/\/www.teachersparadise.com\/co\/p\/polydron-outside-thermometer-celsius-only-si-11840\/"},"modified":"2021-06-05T20:17:44","modified_gmt":"2021-06-05T20:17:44","slug":"polydron-outside-thermometer-celsius-only-si-11840","status":"publish","type":"product","link":"https:\/\/www.teachersparadise.com\/co\/p\/polydron-outside-thermometer-celsius-only-si-11840\/","title":{"rendered":"POLYDRON Outside Thermometer Celsius Only SI-11840"},"content":{"rendered":"<p>Easy to read wall thermometer. Range: -60\u00f8C (-70\u00f8F) to 50\u00f8C (120\u00f8F). Calibrated each 1\u00f8C (1\u00f8F) and numbered each 10\u00f8C (10\u00f8F). A 17 cm red alcohol tube is completely recessed in a plastic molded frame to minimize breakage. Comes with or without the non-rust aluminum mounting bracket for permanent outdoor installation. Related Categories: Weather<\/p>\n","protected":false},"excerpt":{"rendered":"<p>Easy to read wall thermometer. Range: -60\u00f8C (-70\u00f8F) to 50\u00f8C (120\u00f8F). Calibrated each 1\u00f8C (1\u00f8F) and numbered each 10\u00f8C (10\u00f8F). A 17 cm red alcohol tube is completely recessed in a plastic molded frame to minimize breakage. Comes with or without the non-rust aluminum mounting bracket for permanent outdoor installation. Related Categories: Weather<\/p>\n","protected":false},"featured_media":427652,"template":"","meta":{"_acf_changed":false,"_seopress_robots_primary_cat":"","_seopress_titles_title":"","_seopress_titles_desc":"","_seopress_robots_index":""},"product_brand":[],"product_cat":[15],"product_tag":[],"class_list":{"0":"post-488333","1":"product","2":"type-product","3":"status-publish","4":"has-post-thumbnail","6":"product_cat-uncategorized","7":"resize-featured-image","8":"sales-flash-overlay","9":"woocommerce-text-align-center","10":"woocommerce-image-align-center","11":"do-quantity-buttons","13":"first","14":"outofstock","15":"sold-individually","16":"purchasable","17":"product-type-simple"},"acf":[],"_links":{"self":[{"href":"https:\/\/www.teachersparadise.com\/co\/wp-json\/wp\/v2\/product\/488333","targetHints":{"allow":["GET"]}}],"collection":[{"href":"https:\/\/www.teachersparadise.com\/co\/wp-json\/wp\/v2\/product"}],"about":[{"href":"https:\/\/www.teachersparadise.com\/co\/wp-json\/wp\/v2\/types\/product"}],"wp:featuredmedia":[{"embeddable":true,"href":"https:\/\/www.teachersparadise.com\/co\/wp-json\/wp\/v2\/media\/427652"}],"wp:attachment":[{"href":"https:\/\/www.teachersparadise.com\/co\/wp-json\/wp\/v2\/media?parent=488333"}],"wp:term":[{"taxonomy":"product_brand","embeddable":true,"href":"https:\/\/www.teachersparadise.com\/co\/wp-json\/wp\/v2\/product_brand?post=488333"},{"taxonomy":"product_cat","embeddable":true,"href":"https:\/\/www.teachersparadise.com\/co\/wp-json\/wp\/v2\/product_cat?post=488333"},{"taxonomy":"product_tag","embeddable":true,"href":"https:\/\/www.teachersparadise.com\/co\/wp-json\/wp\/v2\/product_tag?post=488333"}],"curies":[{"name":"wp","href":"https:\/\/api.w.org\/{rel}","templated":true}]}}