{"id":462569,"date":"2001-01-01T00:00:00","date_gmt":"2001-01-01T00:00:00","guid":{"rendered":"https:\/\/www.teachersparadise.com\/co\/p\/evan-moor-beginning-reading-activities-grades-1-3-emc5305\/"},"modified":"2021-06-05T07:36:17","modified_gmt":"2021-06-05T07:36:17","slug":"evan-moor-beginning-reading-activities-grades-1-3-emc5305","status":"publish","type":"product","link":"https:\/\/www.teachersparadise.com\/co\/p\/evan-moor-beginning-reading-activities-grades-1-3-emc5305\/","title":{"rendered":"EVAN-MOOR Beginning Reading Activities Grades 1-3 EMC5305"},"content":{"rendered":"<p>A gradual progression in activity formats helps build confidence and independence for early readers. The book is divided into six areas: \u00fa Following Directions (art projects use simple instructions and visual cues) \u00fa Sequencing Directions (order pictures and text to sequence steps for simple, familiar tasks) \u00fa Draw.Then Write (follow simple directions to create a picture, then write about) \u00fa Read, Think, Cut &#038; Paste (use critical thinking and reading skills to sequence story events) \u00fa All About Me Children (activities that help develop self-concept) \u00fa Who? What? Where? When? (children focus on nouns, verbs, and prepositions in an age-appropriate approach)<\/p>\n","protected":false},"excerpt":{"rendered":"<p>A gradual progression in activity formats helps build confidence and independence for early readers. The book is divided into six areas: \u00fa Following Directions (art projects use simple instructions and visual cues) \u00fa Sequencing Directions (order pictures and text to sequence steps for simple, familiar tasks) \u00fa Draw.Then Write (follow simple directions to create a &#8230; <a title=\"EVAN-MOOR Beginning Reading Activities Grades 1-3 EMC5305\" class=\"read-more\" href=\"https:\/\/www.teachersparadise.com\/co\/p\/evan-moor-beginning-reading-activities-grades-1-3-emc5305\/\" aria-label=\"Read more about EVAN-MOOR Beginning Reading Activities Grades 1-3 EMC5305\">Read more<\/a><\/p>\n","protected":false},"featured_media":395097,"template":"","meta":{"_acf_changed":false,"_seopress_robots_primary_cat":"","_seopress_titles_title":"","_seopress_titles_desc":"","_seopress_robots_index":""},"product_brand":[],"product_cat":[15],"product_tag":[],"class_list":{"0":"post-462569","1":"product","2":"type-product","3":"status-publish","4":"has-post-thumbnail","6":"product_cat-uncategorized","7":"resize-featured-image","8":"sales-flash-overlay","9":"woocommerce-text-align-center","10":"woocommerce-image-align-center","11":"do-quantity-buttons","13":"first","14":"outofstock","15":"sold-individually","16":"purchasable","17":"product-type-simple"},"acf":[],"_links":{"self":[{"href":"https:\/\/www.teachersparadise.com\/co\/wp-json\/wp\/v2\/product\/462569","targetHints":{"allow":["GET"]}}],"collection":[{"href":"https:\/\/www.teachersparadise.com\/co\/wp-json\/wp\/v2\/product"}],"about":[{"href":"https:\/\/www.teachersparadise.com\/co\/wp-json\/wp\/v2\/types\/product"}],"wp:featuredmedia":[{"embeddable":true,"href":"https:\/\/www.teachersparadise.com\/co\/wp-json\/wp\/v2\/media\/395097"}],"wp:attachment":[{"href":"https:\/\/www.teachersparadise.com\/co\/wp-json\/wp\/v2\/media?parent=462569"}],"wp:term":[{"taxonomy":"product_brand","embeddable":true,"href":"https:\/\/www.teachersparadise.com\/co\/wp-json\/wp\/v2\/product_brand?post=462569"},{"taxonomy":"product_cat","embeddable":true,"href":"https:\/\/www.teachersparadise.com\/co\/wp-json\/wp\/v2\/product_cat?post=462569"},{"taxonomy":"product_tag","embeddable":true,"href":"https:\/\/www.teachersparadise.com\/co\/wp-json\/wp\/v2\/product_tag?post=462569"}],"curies":[{"name":"wp","href":"https:\/\/api.w.org\/{rel}","templated":true}]}}